{"id":5060,"date":"2023-05-31T00:37:02","date_gmt":"2023-05-30T21:37:02","guid":{"rendered":"https:\/\/byhomes.com.tr\/?page_id=5060"},"modified":"2023-06-19T23:41:34","modified_gmt":"2023-06-19T20:41:34","slug":"about-us","status":"publish","type":"page","link":"https:\/\/byhomes.com.tr\/de\/about-us\/","title":{"rendered":"\u00dcber uns"},"content":{"rendered":"<p>Hallo, wir sind \u201eBy Homes Alanya Real Estate\u201c. Wir sind eines der zuverl\u00e4ssigsten und erfahrensten Immobilienunternehmen in Alanya. Wir verbinden unsere Pr\u00e4senz in der Stadt und unsere Erfahrung im Immobiliensektor mit unserem Engagement, unseren Kunden den besten Service zu bieten. Unsere Zuverl\u00e4ssigkeit, Professionalit\u00e4t und umfassende Marktkenntnis heben uns von anderen Unternehmen der Branche ab. Durch die Zusammenarbeit mit uns garantieren wir, dass Sie in jeder Phase Ihres Immobilienkauf- und -verkaufsprozesses sicher und informiert sind. Finden Sie Ihr zuk\u00fcnftiges Zuhause mit By Homes Alanya Real Estate.<\/p>\n<h3><strong>Unsere Aufgabe<\/strong><\/h3>\n<p>Unser Ziel ist es nicht nur, Immobilien zu verkaufen, sondern sicherzustellen, dass unser Kunde mit der getroffenen Wahl zufrieden ist und wieder zu uns zur\u00fcckkommt oder ihn seinen Freunden und Bekannten weiterempfehlt.<\/p>\n<h3>Vorteile einer Zusammenarbeit mit uns<\/h3>\n<p>\u2013 Flexibles Rabattsystem f\u00fcr die 100%-Ratenzahlung, Empfehlungen an Ihre Freunde oder wenn Sie Stammkunde sind.<br \/>\n\u2013 Eine gro\u00dfe Datenbank mit Immobilien zum Kauf, zur Miete und zur Investition<br \/>\n\u2013 After-Sales-Service und -Management (Vermietung gekaufter Immobilien, Kauf von M\u00f6beln und Ger\u00e4ten, Reparaturarbeiten, Designdienstleistungen, Zahlung von Steuern und Aufenthaltsgeb\u00fchren, Reinigung)<br \/>\n\u2013 Kostenlose Beratung, Tee und Kaffee in unserem gem\u00fctlichen B\u00fcro<\/p>","protected":false},"excerpt":{"rendered":"<p>Hello, we are &#8220;By Homes Alanya Real Estate&#8221;. We serve as one of the most reliable and experienced real estate firms in Alanya. We combine our presence in the city and experience in the real estate sector with our commitment to provide the best service to our customers. Our reliability, professionalism, and extensive market knowledge&#8230;<\/p>","protected":false},"author":1,"featured_media":0,"parent":0,"menu_order":0,"comment_status":"closed","ping_status":"closed","template":"","meta":{"footnotes":""},"class_list":["post-5060","page","type-page","status-publish","hentry"],"yoast_head":"<!-- This site is optimized with the Yoast SEO Premium plugin v17.0 (Yoast SEO v20.9) - https:\/\/yoast.com\/wordpress\/plugins\/seo\/ -->\n<title>About Us - Real Estate in Alanya<\/title>\n<meta name=\"description\" content=\"Discover the expertise of By Homes Real Estate. Learn about us passion for helping clients find their dream homes.\" \/>\n<meta name=\"robots\" content=\"index, follow, max-snippet:-1, max-image-preview:large, max-video-preview:-1\" \/>\n<link rel=\"canonical\" href=\"https:\/\/byhomes.com.tr\/de\/about-us\/\" \/>\n<meta property=\"og:locale\" content=\"de_DE\" \/>\n<meta property=\"og:type\" content=\"article\" \/>\n<meta property=\"og:title\" content=\"About Us\" \/>\n<meta property=\"og:description\" content=\"Discover the expertise of By Homes Real Estate. Learn about us passion for helping clients find their dream homes.\" \/>\n<meta property=\"og:url\" content=\"https:\/\/byhomes.com.tr\/de\/about-us\/\" \/>\n<meta property=\"og:site_name\" content=\"Real Estate in Alanya\" \/>\n<meta property=\"article:modified_time\" content=\"2023-06-19T20:41:34+00:00\" \/>\n<meta name=\"twitter:card\" content=\"summary_large_image\" \/>\n<meta name=\"twitter:label1\" content=\"Gesch\u00e4tzte Lesezeit\" \/>\n\t<meta name=\"twitter:data1\" content=\"2\u00a0Minuten\" \/>\n<script type=\"application\/ld+json\" class=\"yoast-schema-graph\">{\"@context\":\"https:\/\/schema.org\",\"@graph\":[{\"@type\":\"WebPage\",\"@id\":\"https:\/\/byhomes.com.tr\/about-us\/\",\"url\":\"https:\/\/byhomes.com.tr\/about-us\/\",\"name\":\"About Us - Real Estate in Alanya\",\"isPartOf\":{\"@id\":\"https:\/\/byhomes.com.tr\/#website\"},\"datePublished\":\"2023-05-30T21:37:02+00:00\",\"dateModified\":\"2023-06-19T20:41:34+00:00\",\"description\":\"Discover the expertise of By Homes Real Estate. Learn about us passion for helping clients find their dream homes.\",\"breadcrumb\":{\"@id\":\"https:\/\/byhomes.com.tr\/about-us\/#breadcrumb\"},\"inLanguage\":\"de\",\"potentialAction\":[{\"@type\":\"ReadAction\",\"target\":[\"https:\/\/byhomes.com.tr\/about-us\/\"]}]},{\"@type\":\"BreadcrumbList\",\"@id\":\"https:\/\/byhomes.com.tr\/about-us\/#breadcrumb\",\"itemListElement\":[{\"@type\":\"ListItem\",\"position\":1,\"name\":\"Anasayfa\",\"item\":\"https:\/\/byhomes.com.tr\/\"},{\"@type\":\"ListItem\",\"position\":2,\"name\":\"About Us\"}]},{\"@type\":\"WebSite\",\"@id\":\"https:\/\/byhomes.com.tr\/#website\",\"url\":\"https:\/\/byhomes.com.tr\/\",\"name\":\"Real Estate in Alanya\",\"description\":\"\u041d\u0435\u0434\u0432\u0438\u0436\u0438\u043c\u043e\u0441\u0442\u044c | Real Estate  \",\"publisher\":{\"@id\":\"https:\/\/byhomes.com.tr\/#organization\"},\"potentialAction\":[{\"@type\":\"SearchAction\",\"target\":{\"@type\":\"EntryPoint\",\"urlTemplate\":\"https:\/\/byhomes.com.tr\/?s={search_term_string}\"},\"query-input\":\"required name=search_term_string\"}],\"inLanguage\":\"de\"},{\"@type\":\"Organization\",\"@id\":\"https:\/\/byhomes.com.tr\/#organization\",\"name\":\"Real Estate in Alanya\",\"url\":\"https:\/\/byhomes.com.tr\/\",\"logo\":{\"@type\":\"ImageObject\",\"inLanguage\":\"de\",\"@id\":\"https:\/\/byhomes.com.tr\/#\/schema\/logo\/image\/\",\"url\":\"https:\/\/byhomes.com.tr\/wp-content\/uploads\/2020\/02\/by-homes-real-estate-1.png\",\"contentUrl\":\"https:\/\/byhomes.com.tr\/wp-content\/uploads\/2020\/02\/by-homes-real-estate-1.png\",\"width\":220,\"height\":220,\"caption\":\"Real Estate in Alanya \"},\"image\":{\"@id\":\"https:\/\/byhomes.com.tr\/#\/schema\/logo\/image\/\"}}]}<\/script>\n<!-- \/ Yoast SEO Premium plugin. -->","yoast_head_json":{"title":"About Us - Real Estate in Alanya","description":"Discover the expertise of By Homes Real Estate. Learn about us passion for helping clients find their dream homes.","robots":{"index":"index","follow":"follow","max-snippet":"max-snippet:-1","max-image-preview":"max-image-preview:large","max-video-preview":"max-video-preview:-1"},"canonical":"https:\/\/byhomes.com.tr\/de\/about-us\/","og_locale":"de_DE","og_type":"article","og_title":"About Us","og_description":"Discover the expertise of By Homes Real Estate. Learn about us passion for helping clients find their dream homes.","og_url":"https:\/\/byhomes.com.tr\/de\/about-us\/","og_site_name":"Real Estate in Alanya","article_modified_time":"2023-06-19T20:41:34+00:00","twitter_card":"summary_large_image","twitter_misc":{"Gesch\u00e4tzte Lesezeit":"2\u00a0Minuten"},"schema":{"@context":"https:\/\/schema.org","@graph":[{"@type":"WebPage","@id":"https:\/\/byhomes.com.tr\/about-us\/","url":"https:\/\/byhomes.com.tr\/about-us\/","name":"About Us - Real Estate in Alanya","isPartOf":{"@id":"https:\/\/byhomes.com.tr\/#website"},"datePublished":"2023-05-30T21:37:02+00:00","dateModified":"2023-06-19T20:41:34+00:00","description":"Discover the expertise of By Homes Real Estate. Learn about us passion for helping clients find their dream homes.","breadcrumb":{"@id":"https:\/\/byhomes.com.tr\/about-us\/#breadcrumb"},"inLanguage":"de","potentialAction":[{"@type":"ReadAction","target":["https:\/\/byhomes.com.tr\/about-us\/"]}]},{"@type":"BreadcrumbList","@id":"https:\/\/byhomes.com.tr\/about-us\/#breadcrumb","itemListElement":[{"@type":"ListItem","position":1,"name":"Anasayfa","item":"https:\/\/byhomes.com.tr\/"},{"@type":"ListItem","position":2,"name":"About Us"}]},{"@type":"WebSite","@id":"https:\/\/byhomes.com.tr\/#website","url":"https:\/\/byhomes.com.tr\/","name":"Real Estate in Alanya","description":"\u041d\u0435\u0434\u0432\u0438\u0436\u0438\u043c\u043e\u0441\u0442\u044c | Real Estate  ","publisher":{"@id":"https:\/\/byhomes.com.tr\/#organization"},"potentialAction":[{"@type":"SearchAction","target":{"@type":"EntryPoint","urlTemplate":"https:\/\/byhomes.com.tr\/?s={search_term_string}"},"query-input":"required name=search_term_string"}],"inLanguage":"de"},{"@type":"Organization","@id":"https:\/\/byhomes.com.tr\/#organization","name":"Real Estate in Alanya","url":"https:\/\/byhomes.com.tr\/","logo":{"@type":"ImageObject","inLanguage":"de","@id":"https:\/\/byhomes.com.tr\/#\/schema\/logo\/image\/","url":"https:\/\/byhomes.com.tr\/wp-content\/uploads\/2020\/02\/by-homes-real-estate-1.png","contentUrl":"https:\/\/byhomes.com.tr\/wp-content\/uploads\/2020\/02\/by-homes-real-estate-1.png","width":220,"height":220,"caption":"Real Estate in Alanya "},"image":{"@id":"https:\/\/byhomes.com.tr\/#\/schema\/logo\/image\/"}}]}},"_links":{"self":[{"href":"https:\/\/byhomes.com.tr\/de\/wp-json\/wp\/v2\/pages\/5060","targetHints":{"allow":["GET"]}}],"collection":[{"href":"https:\/\/byhomes.com.tr\/de\/wp-json\/wp\/v2\/pages"}],"about":[{"href":"https:\/\/byhomes.com.tr\/de\/wp-json\/wp\/v2\/types\/page"}],"author":[{"embeddable":true,"href":"https:\/\/byhomes.com.tr\/de\/wp-json\/wp\/v2\/users\/1"}],"replies":[{"embeddable":true,"href":"https:\/\/byhomes.com.tr\/de\/wp-json\/wp\/v2\/comments?post=5060"}],"version-history":[{"count":8,"href":"https:\/\/byhomes.com.tr\/de\/wp-json\/wp\/v2\/pages\/5060\/revisions"}],"predecessor-version":[{"id":5964,"href":"https:\/\/byhomes.com.tr\/de\/wp-json\/wp\/v2\/pages\/5060\/revisions\/5964"}],"wp:attachment":[{"href":"https:\/\/byhomes.com.tr\/de\/wp-json\/wp\/v2\/media?parent=5060"}],"curies":[{"name":"wp","href":"https:\/\/api.w.org\/{rel}","templated":true}]}}